{"id":51,"date":"2012-12-02T22:14:35","date_gmt":"2012-12-02T20:14:35","guid":{"rendered":"http:\/\/www.hansekogge.de\/hkpress\/?page_id=51"},"modified":"2022-01-16T18:40:39","modified_gmt":"2022-01-16T16:40:39","slug":"termine","status":"publish","type":"page","link":"http:\/\/www.hansekogge.de\/?page_id=51","title":{"rendered":"Termine"},"content":{"rendered":"<p><span style=\"color: #00ff00;\"><strong>Bei den gr\u00fcn markierten Terminen sind weitere G\u00e4ste willkommen.<\/strong><\/span><br \/>\n<span style=\"color: #ff0000;\"><strong><span style=\"color: #800000;\">Bei den rot markierten Terminen sind KEINE weiteren G\u00e4stepl\u00e4tze frei.<\/span><br \/>\n<span style=\"color: #0000ff;\">Blau markierte Termine sind vereinsintern.<\/span><\/strong><\/span><\/p>\n<p><iframe loading=\"lazy\" style=\"border: solid 1px #777;\" src=\"https:\/\/calendar.google.com\/calendar\/embed?height=600&amp;wkst=1&amp;bgcolor=%23ffffff&amp;ctz=Europe%2FBerlin&amp;showTitle=0&amp;src=MTNrYWxlbmRlcjgwQGhhbnNla29nZ2UuZGU&amp;src=czUzYXVpaW0zMmZhbTZtbGJjZXA3bzFnOGtAZ3JvdXAuY2FsZW5kYXIuZ29vZ2xlLmNvbQ&amp;src=anNuYzZiamswaDV0YzB2dmVyNjcxdjV1dG9AZ3JvdXAuY2FsZW5kYXIuZ29vZ2xlLmNvbQ&amp;color=%234285F4&amp;color=%23E67C73&amp;color=%230B8043\" scrolling=\"no\" width=\"800\" height=\"600\" frameborder=\"0\"><\/iframe><\/p>\n<p>Alle Angaben ohne Gew\u00e4hr.<\/p>\n","protected":false},"excerpt":{"rendered":"<p>Bei den gr\u00fcn markierten Terminen sind weitere G\u00e4ste willkommen. Bei den rot markierten Terminen sind KEINE weiteren G\u00e4stepl\u00e4tze frei. Blau markierte Termine sind vereinsintern. Alle Angaben ohne Gew\u00e4hr.<\/p>\n","protected":false},"author":3,"featured_media":0,"parent":0,"menu_order":5,"comment_status":"closed","ping_status":"closed","template":"","meta":{"ngg_post_thumbnail":0,"footnotes":""},"class_list":["post-51","page","type-page","status-publish","hentry"],"_links":{"self":[{"href":"http:\/\/www.hansekogge.de\/index.php?rest_route=\/wp\/v2\/pages\/51","targetHints":{"allow":["GET"]}}],"collection":[{"href":"http:\/\/www.hansekogge.de\/index.php?rest_route=\/wp\/v2\/pages"}],"about":[{"href":"http:\/\/www.hansekogge.de\/index.php?rest_route=\/wp\/v2\/types\/page"}],"author":[{"embeddable":true,"href":"http:\/\/www.hansekogge.de\/index.php?rest_route=\/wp\/v2\/users\/3"}],"replies":[{"embeddable":true,"href":"http:\/\/www.hansekogge.de\/index.php?rest_route=%2Fwp%2Fv2%2Fcomments&post=51"}],"version-history":[{"count":15,"href":"http:\/\/www.hansekogge.de\/index.php?rest_route=\/wp\/v2\/pages\/51\/revisions"}],"predecessor-version":[{"id":2245,"href":"http:\/\/www.hansekogge.de\/index.php?rest_route=\/wp\/v2\/pages\/51\/revisions\/2245"}],"wp:attachment":[{"href":"http:\/\/www.hansekogge.de\/index.php?rest_route=%2Fwp%2Fv2%2Fmedia&parent=51"}],"curies":[{"name":"wp","href":"https:\/\/api.w.org\/{rel}","templated":true}]}}